{"id":4964,"date":"2024-08-27T09:27:20","date_gmt":"2024-08-27T09:27:20","guid":{"rendered":"https:\/\/noithatsofaduynguyen.com\/?post_type=product&#038;p=4964"},"modified":"2024-08-27T09:30:22","modified_gmt":"2024-08-27T09:30:22","slug":"msp-gdt-120x90","status":"publish","type":"product","link":"https:\/\/noithatsofaduynguyen.com\/?product=msp-gdt-120x90","title":{"rendered":"MSP G\u0110T( 120&#215;90)"},"content":{"rendered":"<p><span style=\"font-size: 14px;\"><em><strong>Sofa Gi\u01b0\u1eddng k\u00e9o Th\u00f4ng Minh (hay c\u00f2n g\u1ecdi l\u00e0 SOFA BED \u0111a n\u0103ng).<\/strong><\/em> M\u1ed9t trong nh\u1eefng d\u00f2ng s\u1ea3n ph\u1ea9m n\u1ed9i th\u1ea5t \u0111ang r\u1ea5t \u0111\u01b0\u1ee3c \u01b0a chu\u1ed9ng hi\u1ec7n nay v\u00e0 \u0111ang \u0111\u01b0\u1ee3c r\u1ea5t nhi\u1ec1u kh\u00e1ch h\u00e0ng \u0111\u00e1nh gi\u00e1 cao b\u1edfi t\u00ednh \u1ee9ng d\u1ee5ng ti\u1ec7n l\u1ee3i m\u00e0 n\u00f3 mang l\u1ea1i. Kh\u00f4ng ch\u1ec9 s\u1edf h\u1eefu nh\u1eefng \u01b0u \u0111i\u1ec3m v\u1ec1 m\u1eb7t c\u00f4ng n\u0103ng, c\u00e1c thi\u1ebft k\u1ebf <strong>SOFA GI\u01af\u1edcNG TH\u00d4NG MINH<\/strong> hi\u1ec7n nay \u0111\u1ec1u \u0111\u01b0\u1ee3c n\u00e2ng c\u1ea5p, c\u1ea3i thi\u1ec7n tr\u1edf n\u00ean \u0111\u1eb9p \u0111\u1ebd v\u00e0 sang tr\u1ecdng h\u01a1n r\u1ea5t nhi\u1ec1u, \u0111\u00e1p \u1ee9ng \u0111\u1ee7 m\u1ecdi nhu c\u1ea7u v\u1ec1 t\u00ednh n\u0103ng v\u00e0 th\u1ea9m m\u1ef9, ph\u00f9 h\u1ee3p v\u1edbi nhi\u1ec1u kh\u00f4ng gian s\u1ed1ng.<\/span><\/p>\n<p><span style=\"font-size: 14px;\"><strong>Sofa gi\u01b0\u1eddng k\u00e9o th\u00f4ng minh &#8211;<\/strong> l\u00e0 m\u1ed9t \u0111\u1ea1i di\u1ec7n ti\u00eau bi\u1ec3u c\u1ee7a b\u1ed9 s\u01b0u t\u1eadp n\u1ed9i th\u1ea5t th\u00f4ng minh d\u00e0nh cho gia \u0111\u00ecnh. S\u1ef1 t\u00edch h\u1ee3p c\u00f4ng n\u0103ng c\u1ee7a m\u1ed9t chi\u1ebfc sofa ph\u00f2ng kh\u00e1ch v\u00e0 m\u1ed9t chi\u1ebfc gi\u01b0\u1eddng ph\u00f2ng ng\u1ee7 \u0111\u00e3 khi\u1ebfn s\u1ea3n ph\u1ea9m sofa bed n\u00e0y tr\u1edf n\u00ean \u0111\u1eb7c bi\u1ec7t v\u00e0 \u0111\u01b0\u1ee3c l\u1ef1a ch\u1ecdn nhi\u1ec1u cho gia \u0111\u00ecnh, nh\u1ea5t l\u00e0 \u1edf khu v\u1ef1c nh\u00e0 tr\u00ean ph\u1ed1 nh\u1ecf, nh\u00e0 chung c\u01b0, chung c\u01b0 mini c\u00f3 kh\u00f4ng gian nh\u1ecf,&#8230;<\/span><\/p>\n<p><a href=\"https:\/\/noithatsofaduynguyen.com\/wp-content\/uploads\/2024\/08\/z5772064945691_2b62bf524c9b193f216092aadd5cc538.jpg\"><img loading=\"lazy\" decoding=\"async\" class=\"alignnone size-medium wp-image-4966\" src=\"https:\/\/noithatsofaduynguyen.com\/wp-content\/uploads\/2024\/08\/z5772064945691_2b62bf524c9b193f216092aadd5cc538-300x400.jpg\" alt=\"\" width=\"300\" height=\"400\" srcset=\"https:\/\/noithatsofaduynguyen.com\/wp-content\/uploads\/2024\/08\/z5772064945691_2b62bf524c9b193f216092aadd5cc538-300x400.jpg 300w, https:\/\/noithatsofaduynguyen.com\/wp-content\/uploads\/2024\/08\/z5772064945691_2b62bf524c9b193f216092aadd5cc538-600x800.jpg 600w, https:\/\/noithatsofaduynguyen.com\/wp-content\/uploads\/2024\/08\/z5772064945691_2b62bf524c9b193f216092aadd5cc538-768x1024.jpg 768w, https:\/\/noithatsofaduynguyen.com\/wp-content\/uploads\/2024\/08\/z5772064945691_2b62bf524c9b193f216092aadd5cc538-1152x1536.jpg 1152w, https:\/\/noithatsofaduynguyen.com\/wp-content\/uploads\/2024\/08\/z5772064945691_2b62bf524c9b193f216092aadd5cc538-1536x2048.jpg 1536w, https:\/\/noithatsofaduynguyen.com\/wp-content\/uploads\/2024\/08\/z5772064945691_2b62bf524c9b193f216092aadd5cc538-800x1067.jpg 800w, https:\/\/noithatsofaduynguyen.com\/wp-content\/uploads\/2024\/08\/z5772064945691_2b62bf524c9b193f216092aadd5cc538.jpg 1920w\" sizes=\"auto, (max-width: 300px) 100vw, 300px\" \/><\/a> <a href=\"https:\/\/noithatsofaduynguyen.com\/wp-content\/uploads\/2024\/08\/z5772064943751_f52b74e9b74faf1800417852c1cae2de.jpg\"><img loading=\"lazy\" decoding=\"async\" class=\"alignnone size-medium wp-image-4965\" src=\"https:\/\/noithatsofaduynguyen.com\/wp-content\/uploads\/2024\/08\/z5772064943751_f52b74e9b74faf1800417852c1cae2de-300x400.jpg\" alt=\"\" width=\"300\" height=\"400\" srcset=\"https:\/\/noithatsofaduynguyen.com\/wp-content\/uploads\/2024\/08\/z5772064943751_f52b74e9b74faf1800417852c1cae2de-300x400.jpg 300w, https:\/\/noithatsofaduynguyen.com\/wp-content\/uploads\/2024\/08\/z5772064943751_f52b74e9b74faf1800417852c1cae2de-600x800.jpg 600w, https:\/\/noithatsofaduynguyen.com\/wp-content\/uploads\/2024\/08\/z5772064943751_f52b74e9b74faf1800417852c1cae2de-768x1024.jpg 768w, https:\/\/noithatsofaduynguyen.com\/wp-content\/uploads\/2024\/08\/z5772064943751_f52b74e9b74faf1800417852c1cae2de-1152x1536.jpg 1152w, https:\/\/noithatsofaduynguyen.com\/wp-content\/uploads\/2024\/08\/z5772064943751_f52b74e9b74faf1800417852c1cae2de-800x1067.jpg 800w, https:\/\/noithatsofaduynguyen.com\/wp-content\/uploads\/2024\/08\/z5772064943751_f52b74e9b74faf1800417852c1cae2de.jpg 1536w\" sizes=\"auto, (max-width: 300px) 100vw, 300px\" \/><\/a><\/p>\n<p><span style=\"font-size: 14px;\"><strong>\u0110\u1eb7c \u0111i\u1ec3m n\u1ed5i b\u1eadt c\u1ee7a Gh\u1ebf Sofa Gi\u01b0\u1eddng Th\u00f4ng Minh:<\/strong> <\/span><\/p>\n<ul>\n<li><span style=\"font-size: 14px;\">Khung x\u01b0\u01a1ng ch\u1eafc ch\u1eafn \u0111\u01b0\u1ee3c l\u00e0m t\u1eeb g\u1ed7 t\u1ef1 nhi\u00ean k\u1ebft h\u1ee3p v\u1edbi s\u1eaft s\u01a1n t\u0129nh \u0111i\u1ec7n.\u0110\u1ea3m b\u1ea3o d\u1ed9 b\u1ec1n v\u1eefng v\u00e0 an to\u00e0n, gi\u00fap sofa gi\u01b0\u1eddng ch\u1ecbu \u0111\u01b0\u1ee3c tr\u1ecdng l\u01b0\u1ee3ng l\u1edbn v\u00e0 s\u1eed d\u1ee5ng l\u00e2u d\u00e0i kh\u00f4ng b\u1ecb h\u1ecfng h\u00f3c hay bi\u1ebfn d\u1ea1ng\u00a0<\/span><\/li>\n<li><span style=\"font-size: 14px;\"> \u0110\u01b0\u1ee3c l\u00e0m b\u1eb1ng n\u1ec7m m\u00fat cao c\u1ea5p c\u00f3 \u0111\u1ed9 \u0111\u00e0n h\u1ed3i t\u1ed1t,\u00eam \u00e1i, m\u1ec1m m\u1ea1i, thi\u1ebft k\u1ebf ph\u00f9 h\u1ee3p \u0111\u1ec3 kh\u00f4ng g\u00e2y c\u1ea3m gi\u00e1c \u0111au l\u01b0ng sau khi s\u1eed d\u1ee5ng <\/span><\/li>\n<li><span style=\"font-size: 14px;\">S\u1eed d\u1ee5ng c\u00e1c lo\u1ea1i V\u1ea3i b\u1ecdc ch\u1ea5t l\u01b0\u1ee3ng cao nh\u01b0 V\u1ea3i N\u1ec9 Nh\u1eadp Kh\u1ea9u, Da Nh\u00e2n T\u1ea1o, ch\u1ed1ng x\u01b0\u1edbc ch\u1ed1ng m\u1ef1c, V\u1ea3i ch\u1ed1ng th\u1ea5m&#8230;. Kh\u00f4ng ch\u1ec9 \u0111em l\u1ea1i v\u1ebb \u0111\u1eb9p sang tr\u1ecdng, t\u00ednh th\u1ea9m m\u1ef9 cao m\u00e0 c\u00f2n d\u1ec5 d\u00e0ng v\u1ec7 sinh v\u00e0 b\u1ea3o d\u01b0\u1ee1ng <\/span><\/li>\n<li><span style=\"font-size: 14px;\">M\u00e0u s\u1eafc \u0111a d\u1ea1ng, c\u00f3 th\u1ec3 thay \u0111\u1ed5i theo s\u1edf th\u00edch v\u00e0 gam m\u00e0u c\u1ee7a kh\u00e1ch h\u00e0ng \u0111\u1ec3 ph\u00f9 h\u1ee3p h\u01a1n v\u1edbi kh\u00f4ng gian c\u1ee7a ng\u00f4i nh\u00e0 <\/span><\/li>\n<li><span style=\"font-size: 14px;\">K\u00edch th\u01b0\u1edbc nh\u1ecf g\u1ecdn ph\u00f9 h\u1ee3p v\u1edbi nhi\u1ec1u kh\u00f4ng gian ph\u00f2ng kh\u00e1ch, ph\u00f2ng ng\u1ee7 hay ph\u00f2ng l\u00e0m vi\u1ec7c<\/span><\/li>\n<\/ul>\n<p><a href=\"https:\/\/noithatsofaduynguyen.com\/wp-content\/uploads\/2024\/08\/z5772064967929_75aa8802b76347c09dcc827865ad6707.jpg\"><img loading=\"lazy\" decoding=\"async\" class=\"alignnone size-medium wp-image-4968\" src=\"https:\/\/noithatsofaduynguyen.com\/wp-content\/uploads\/2024\/08\/z5772064967929_75aa8802b76347c09dcc827865ad6707-300x400.jpg\" alt=\"\" width=\"300\" height=\"400\" srcset=\"https:\/\/noithatsofaduynguyen.com\/wp-content\/uploads\/2024\/08\/z5772064967929_75aa8802b76347c09dcc827865ad6707-300x400.jpg 300w, https:\/\/noithatsofaduynguyen.com\/wp-content\/uploads\/2024\/08\/z5772064967929_75aa8802b76347c09dcc827865ad6707-600x800.jpg 600w, https:\/\/noithatsofaduynguyen.com\/wp-content\/uploads\/2024\/08\/z5772064967929_75aa8802b76347c09dcc827865ad6707-768x1024.jpg 768w, https:\/\/noithatsofaduynguyen.com\/wp-content\/uploads\/2024\/08\/z5772064967929_75aa8802b76347c09dcc827865ad6707-1152x1536.jpg 1152w, https:\/\/noithatsofaduynguyen.com\/wp-content\/uploads\/2024\/08\/z5772064967929_75aa8802b76347c09dcc827865ad6707-1536x2048.jpg 1536w, https:\/\/noithatsofaduynguyen.com\/wp-content\/uploads\/2024\/08\/z5772064967929_75aa8802b76347c09dcc827865ad6707-800x1067.jpg 800w, https:\/\/noithatsofaduynguyen.com\/wp-content\/uploads\/2024\/08\/z5772064967929_75aa8802b76347c09dcc827865ad6707.jpg 1920w\" sizes=\"auto, (max-width: 300px) 100vw, 300px\" \/><\/a> <a href=\"https:\/\/noithatsofaduynguyen.com\/wp-content\/uploads\/2024\/08\/z5772064959337_dc12e1a92fae328d143da05284f4c0e5.jpg\"><img loading=\"lazy\" decoding=\"async\" class=\"alignnone size-medium wp-image-4967\" src=\"https:\/\/noithatsofaduynguyen.com\/wp-content\/uploads\/2024\/08\/z5772064959337_dc12e1a92fae328d143da05284f4c0e5-300x400.jpg\" alt=\"\" width=\"300\" height=\"400\" srcset=\"https:\/\/noithatsofaduynguyen.com\/wp-content\/uploads\/2024\/08\/z5772064959337_dc12e1a92fae328d143da05284f4c0e5-300x400.jpg 300w, https:\/\/noithatsofaduynguyen.com\/wp-content\/uploads\/2024\/08\/z5772064959337_dc12e1a92fae328d143da05284f4c0e5-600x800.jpg 600w, https:\/\/noithatsofaduynguyen.com\/wp-content\/uploads\/2024\/08\/z5772064959337_dc12e1a92fae328d143da05284f4c0e5-768x1024.jpg 768w, https:\/\/noithatsofaduynguyen.com\/wp-content\/uploads\/2024\/08\/z5772064959337_dc12e1a92fae328d143da05284f4c0e5-1152x1536.jpg 1152w, https:\/\/noithatsofaduynguyen.com\/wp-content\/uploads\/2024\/08\/z5772064959337_dc12e1a92fae328d143da05284f4c0e5-1536x2048.jpg 1536w, https:\/\/noithatsofaduynguyen.com\/wp-content\/uploads\/2024\/08\/z5772064959337_dc12e1a92fae328d143da05284f4c0e5-800x1067.jpg 800w, https:\/\/noithatsofaduynguyen.com\/wp-content\/uploads\/2024\/08\/z5772064959337_dc12e1a92fae328d143da05284f4c0e5.jpg 1920w\" sizes=\"auto, (max-width: 300px) 100vw, 300px\" \/><\/a><\/p>\n<p><span style=\"font-size: 14px;\">Kh\u00f4ng ch\u1ec9 d\u00e0nh ri\u00eang cho kh\u00f4ng gian gia \u0111\u00ecnh m\u00e0 Gh\u1ebf Sofa Gi\u01b0\u1eddng Th\u00f4ng Minh c\u00f2n ph\u00f9 h\u1ee3p v\u1edbi r\u1ea5t nhi\u1ec1u kh\u00f4ng gian kh\u00e1c nh\u01b0 ph\u00f2ng ch\u1edd, s\u1ea3nh kh\u00e1ch s\u1ea1n, v\u0103n ph\u00f2ng, khu ngh\u1ec9 d\u01b0\u1ee1ng,&#8230;..<\/span><\/p>\n<p><a href=\"https:\/\/noithatsofaduynguyen.com\/wp-content\/uploads\/2024\/08\/z5772064972820_3d33d76faf23c69f1adb17fa81fda14e.jpg\"><img loading=\"lazy\" decoding=\"async\" class=\"alignnone size-medium wp-image-4969\" src=\"https:\/\/noithatsofaduynguyen.com\/wp-content\/uploads\/2024\/08\/z5772064972820_3d33d76faf23c69f1adb17fa81fda14e-300x400.jpg\" alt=\"\" width=\"300\" height=\"400\" srcset=\"https:\/\/noithatsofaduynguyen.com\/wp-content\/uploads\/2024\/08\/z5772064972820_3d33d76faf23c69f1adb17fa81fda14e-300x400.jpg 300w, https:\/\/noithatsofaduynguyen.com\/wp-content\/uploads\/2024\/08\/z5772064972820_3d33d76faf23c69f1adb17fa81fda14e-600x800.jpg 600w, https:\/\/noithatsofaduynguyen.com\/wp-content\/uploads\/2024\/08\/z5772064972820_3d33d76faf23c69f1adb17fa81fda14e-768x1024.jpg 768w, https:\/\/noithatsofaduynguyen.com\/wp-content\/uploads\/2024\/08\/z5772064972820_3d33d76faf23c69f1adb17fa81fda14e-1152x1536.jpg 1152w, https:\/\/noithatsofaduynguyen.com\/wp-content\/uploads\/2024\/08\/z5772064972820_3d33d76faf23c69f1adb17fa81fda14e-1536x2048.jpg 1536w, https:\/\/noithatsofaduynguyen.com\/wp-content\/uploads\/2024\/08\/z5772064972820_3d33d76faf23c69f1adb17fa81fda14e-800x1067.jpg 800w, https:\/\/noithatsofaduynguyen.com\/wp-content\/uploads\/2024\/08\/z5772064972820_3d33d76faf23c69f1adb17fa81fda14e.jpg 1920w\" sizes=\"auto, (max-width: 300px) 100vw, 300px\" \/><\/a><\/p>\n<p><span style=\"font-size: 14px;\">V\u1edbi c\u00e1c t\u00ednh n\u0103ng c\u0169ng nh\u01b0 \u01b0u \u0111i\u1ec3m v\u01b0\u1ee3t tr\u1ed9i v\u1eeba l\u00e0m gh\u1ebf SOFA v\u1eeba l\u00e0m Gi\u01b0\u1eddng ng\u1ee7, s\u1ea3n ph\u1ea9m n\u00e0y gi\u00fap ti\u1ebft ki\u1ec7m c\u1ea3 v\u1ec1 kh\u00f4ng gian l\u1eabn chi ph\u00ed so v\u1edbi vi\u1ec7c mua ri\u00eang l\u1ebb t\u1eebng m\u00f3n n\u1ed9i th\u1ea5t. \u0110i\u1ec1u n\u00e0y r\u1ea5t c\u00f3 \u00fd ngh\u0129a \u0111\u1ed1i v\u1edbi c\u00e1c gia \u0111\u00ecnh s\u1ed1ng trong c\u0103n h\u1ed9 nh\u1ecf v\u00e0 kh\u00f4ng gian h\u1ea1n ch\u1ebf<\/span><\/p>\n","protected":false},"excerpt":{"rendered":"<p class=\"price2\"><span style=\"font-size: 16px;\">\ud83d\udecb\ufe0fM\u1eabu sofa \u0111\u01a1n khi m\u1edf th\u00e0nh gi\u01b0\u1eddng: 1m2x1m9<\/span><\/p>\n<p class=\"price2\"><span style=\"font-size: 16px;\">\ud83d\udecb\ufe0fKhi thu g\u1ecdn: 1m2x90<\/span><\/p>\n<div class=\"product-short-description\">\n<p><span style=\"font-size: 16px;\">\ud83c\udf1fCh\u1ea5t li\u1ec7u N\u1ec9 C\u1ecf May nh\u1eadp kh\u1ea9u Cao C\u1ea5p &amp; \u0110\u1ec7m m\u00fat K43 gi\u00e1: 5.000.000\u20ab<\/span><br \/>\n<span style=\"font-size: 16px;\">\ud83d\udccc Khung x\u01b0\u01a1ng gh\u1ebf g\u1ed3m g\u1ed7 t\u1ef1 nhi\u00ean k\u1ebft h\u1ee3p s\u1eaft s\u01a1n t\u0129nh \u0111i\u1ec7n<\/span><\/p>\n<p><span style=\"font-size: 16px;\">\ud83d\udcb3 H\u1ed6 TR\u1ee2 THANH TO\u00c1N QUA TH\u1eba T\u00cdN D\u1ee4NG\ud83d\udcb5<\/span><br \/>\n<span style=\"font-size: 16px;\">\ud83d\udcccL\u01b0u \u00fd: GI\u00c1 SOFA KH\u00d4NG K\u00c8M B\u00c0N TR\u00c0<\/span><\/p>\n<\/div>\n<form class=\"cart\" action=\"https:\/\/noithatsofaduynguyen.com\/?product=sofa-giuong-ma-05\" enctype=\"multipart\/form-data\" method=\"post\">\n<div class=\"quantity buttons_added\"><\/div>\n<\/form>\n","protected":false},"featured_media":4969,"comment_status":"open","ping_status":"closed","template":"","meta":[],"product_cat":[146],"product_tag":[],"class_list":{"0":"post-4964","1":"product","2":"type-product","3":"status-publish","4":"has-post-thumbnail","6":"product_cat-sofa-giuong","8":"first","9":"instock","10":"shipping-taxable","11":"purchasable","12":"product-type-simple"},"_links":{"self":[{"href":"https:\/\/noithatsofaduynguyen.com\/index.php?rest_route=\/wp\/v2\/product\/4964","targetHints":{"allow":["GET"]}}],"collection":[{"href":"https:\/\/noithatsofaduynguyen.com\/index.php?rest_route=\/wp\/v2\/product"}],"about":[{"href":"https:\/\/noithatsofaduynguyen.com\/index.php?rest_route=\/wp\/v2\/types\/product"}],"replies":[{"embeddable":true,"href":"https:\/\/noithatsofaduynguyen.com\/index.php?rest_route=%2Fwp%2Fv2%2Fcomments&post=4964"}],"wp:featuredmedia":[{"embeddable":true,"href":"https:\/\/noithatsofaduynguyen.com\/index.php?rest_route=\/wp\/v2\/media\/4969"}],"wp:attachment":[{"href":"https:\/\/noithatsofaduynguyen.com\/index.php?rest_route=%2Fwp%2Fv2%2Fmedia&parent=4964"}],"wp:term":[{"taxonomy":"product_cat","embeddable":true,"href":"https:\/\/noithatsofaduynguyen.com\/index.php?rest_route=%2Fwp%2Fv2%2Fproduct_cat&post=4964"},{"taxonomy":"product_tag","embeddable":true,"href":"https:\/\/noithatsofaduynguyen.com\/index.php?rest_route=%2Fwp%2Fv2%2Fproduct_tag&post=4964"}],"curies":[{"name":"wp","href":"https:\/\/api.w.org\/{rel}","templated":true}]}}