{"id":4121,"date":"2024-08-13T05:50:10","date_gmt":"2024-08-13T05:50:10","guid":{"rendered":"https:\/\/noithatsofaduynguyen.com\/?post_type=product&#038;p=4121"},"modified":"2024-08-13T05:50:10","modified_gmt":"2024-08-13T05:50:10","slug":"msp-waw123","status":"publish","type":"product","link":"https:\/\/noithatsofaduynguyen.com\/?product=msp-waw123","title":{"rendered":"MSP WAW123"},"content":{"rendered":"","protected":false},"excerpt":{"rendered":"<p><strong><span style=\"font-size: 14px;\">\ud83d\udccc B\u00e0n tr\u00e0 k\u00edch th\u01b0\u1edbc: 120x60x36<\/span><\/strong><\/p>\n<p><strong><span style=\"font-size: 14px;\">\ud83c\udf1fCh\u1ea5t li\u1ec7u: \u0110\u01b0\u1ee3c l\u00e0m b\u1eb1ng c\u1ed1t MDF ph\u1ee7 Laminate Nh\u1eadt kh\u00e1ng khu\u1ea9n, ch\u00e2n s\u1eaft s\u01a1n t\u0129nh \u0111i\u1ec7n, m\u1eb7t k\u00ednh Vi\u1ec7t Nh\u1eadt<\/span><\/strong><\/p>\n<p><strong><span style=\"font-size: 14px;\">\ud83d\udcb3H\u1ed7 tr\u1ee3 th\u00e1nh to\u00e1n qua th\u1ebb t\u00edn d\u1ee5ng\ud83d\udcb5<\/span><\/strong><\/p>\n","protected":false},"featured_media":4048,"comment_status":"open","ping_status":"closed","template":"","meta":[],"product_cat":[148],"product_tag":[],"class_list":{"0":"post-4121","1":"product","2":"type-product","3":"status-publish","4":"has-post-thumbnail","6":"product_cat-ban-tra","8":"first","9":"instock","10":"shipping-taxable","11":"purchasable","12":"product-type-simple"},"_links":{"self":[{"href":"https:\/\/noithatsofaduynguyen.com\/index.php?rest_route=\/wp\/v2\/product\/4121","targetHints":{"allow":["GET"]}}],"collection":[{"href":"https:\/\/noithatsofaduynguyen.com\/index.php?rest_route=\/wp\/v2\/product"}],"about":[{"href":"https:\/\/noithatsofaduynguyen.com\/index.php?rest_route=\/wp\/v2\/types\/product"}],"replies":[{"embeddable":true,"href":"https:\/\/noithatsofaduynguyen.com\/index.php?rest_route=%2Fwp%2Fv2%2Fcomments&post=4121"}],"wp:featuredmedia":[{"embeddable":true,"href":"https:\/\/noithatsofaduynguyen.com\/index.php?rest_route=\/wp\/v2\/media\/4048"}],"wp:attachment":[{"href":"https:\/\/noithatsofaduynguyen.com\/index.php?rest_route=%2Fwp%2Fv2%2Fmedia&parent=4121"}],"wp:term":[{"taxonomy":"product_cat","embeddable":true,"href":"https:\/\/noithatsofaduynguyen.com\/index.php?rest_route=%2Fwp%2Fv2%2Fproduct_cat&post=4121"},{"taxonomy":"product_tag","embeddable":true,"href":"https:\/\/noithatsofaduynguyen.com\/index.php?rest_route=%2Fwp%2Fv2%2Fproduct_tag&post=4121"}],"curies":[{"name":"wp","href":"https:\/\/api.w.org\/{rel}","templated":true}]}}