{"id":4112,"date":"2024-08-13T04:01:55","date_gmt":"2024-08-13T04:01:55","guid":{"rendered":"https:\/\/noithatsofaduynguyen.com\/?post_type=product&#038;p=4112"},"modified":"2024-08-13T04:01:56","modified_gmt":"2024-08-13T04:01:56","slug":"msp-vbt1200x600x380","status":"publish","type":"product","link":"https:\/\/noithatsofaduynguyen.com\/?product=msp-vbt1200x600x380","title":{"rendered":"MSP VBT(1200x600x380)"},"content":{"rendered":"","protected":false},"excerpt":{"rendered":"<p><strong><span style=\"font-size: 14px;\">\ud83d\udcccB\u00e0n tr\u00e0 k\u00edch th\u01b0\u1edbc: 1m2x60x38<\/span><\/strong><\/p>\n<p><strong><span style=\"font-size: 14px;\">\ud83c\udf1fCh\u1ea5t li\u1ec7u: C\u1ed1t MDF ph\u1ee7 h\u1ee3p kim \u0111\u1ed3ng x\u01b0\u1edbc nh\u1eadp kh\u1ea9u Nh\u1eadt, m\u1eb7t \u0111\u00e1 Ceramic ch\u1ed1ng \u1ed1 ch\u1ed1ng x\u01b0\u1edbc<\/span><\/strong><\/p>\n<p><strong><span style=\"font-size: 14px;\">\ud83d\udcb3H\u1ed7 tr\u1ee3 th\u00e1nh to\u00e1n qua th\u1ebb t\u00edn d\u1ee5ng\ud83d\udcb5<\/span><\/strong><\/p>\n","protected":false},"featured_media":4050,"comment_status":"open","ping_status":"closed","template":"","meta":[],"product_cat":[148],"product_tag":[],"class_list":{"0":"post-4112","1":"product","2":"type-product","3":"status-publish","4":"has-post-thumbnail","6":"product_cat-ban-tra","8":"first","9":"instock","10":"sale","11":"shipping-taxable","12":"purchasable","13":"product-type-simple"},"_links":{"self":[{"href":"https:\/\/noithatsofaduynguyen.com\/index.php?rest_route=\/wp\/v2\/product\/4112","targetHints":{"allow":["GET"]}}],"collection":[{"href":"https:\/\/noithatsofaduynguyen.com\/index.php?rest_route=\/wp\/v2\/product"}],"about":[{"href":"https:\/\/noithatsofaduynguyen.com\/index.php?rest_route=\/wp\/v2\/types\/product"}],"replies":[{"embeddable":true,"href":"https:\/\/noithatsofaduynguyen.com\/index.php?rest_route=%2Fwp%2Fv2%2Fcomments&post=4112"}],"wp:featuredmedia":[{"embeddable":true,"href":"https:\/\/noithatsofaduynguyen.com\/index.php?rest_route=\/wp\/v2\/media\/4050"}],"wp:attachment":[{"href":"https:\/\/noithatsofaduynguyen.com\/index.php?rest_route=%2Fwp%2Fv2%2Fmedia&parent=4112"}],"wp:term":[{"taxonomy":"product_cat","embeddable":true,"href":"https:\/\/noithatsofaduynguyen.com\/index.php?rest_route=%2Fwp%2Fv2%2Fproduct_cat&post=4112"},{"taxonomy":"product_tag","embeddable":true,"href":"https:\/\/noithatsofaduynguyen.com\/index.php?rest_route=%2Fwp%2Fv2%2Fproduct_tag&post=4112"}],"curies":[{"name":"wp","href":"https:\/\/api.w.org\/{rel}","templated":true}]}}